{"id":1529,"date":"2015-01-22T17:06:24","date_gmt":"2015-01-22T15:06:24","guid":{"rendered":"http:\/\/www.helvetibox.ch\/?page_id=1529"},"modified":"2026-03-03T21:01:42","modified_gmt":"2026-03-03T20:01:42","slug":"konzept","status":"publish","type":"page","link":"https:\/\/www.helvetibox.ch\/de\/konzept\/","title":{"rendered":"Konzept"},"content":{"rendered":"<div class=\"et_pb_section_0 et_pb_section et_pb_fullwidth_section et_section_regular et_block_section\"><section class=\"et_pb_fullwidth_header_0 et_pb_fullwidth_header et_pb_bg_layout_light et_pb_text_align_center et_pb_module et_flex_module\"><div class=\"et_pb_fullwidth_header_container center\"><div class=\"header-content-container center\"><div class=\"header-content et_flex_module\"><h1 class=\"et_pb_module_header\">Das Konzept<\/h1><span class=\"et_pb_fullwidth_header_subhead\">HelvetiBox, was ist das ?<\/span><div class=\"et_pb_header_button_wrapper\"><\/div><\/div><\/div><\/div><div class=\"et_pb_fullwidth_header_overlay\"><\/div><div class=\"et_pb_fullwidth_header_scroll\"><\/div><\/section><\/div><div class=\"et_pb_section_1 et_pb_section et_section_regular et_block_section\"><div class=\"et_pb_row_0 et_pb_row et_block_row\"><div class=\"et_pb_column_0 et_pb_column et_pb_column_1_3 et_block_column et_pb_css_mix_blend_mode_passthrough\"><div class=\"et_pb_blurb_0 et_pb_blurb et_pb_bg_layout_light et_pb_text_align_center et_pb_blurb_position_top et_pb_module et_block_module\"><div class=\"et_pb_blurb_content\"><div class=\"et_pb_blurb_container\"><h4 class=\"et_pb_module_header\">Ein Kanton<\/h4><div class=\"et_pb_blurb_description\"><p>Jeden Monat machen wir uns f\u00fcr Sie auf die Suche nach 5 bis 8 Produkten, die typisch f\u00fcr je einen Schweizer Kanton sind. Es ist unm\u00f6glich diese Produkte im Voraus zu kennen\u2026 weil HelvetiBox immer eine \u00dcberraschung auf Lager hat!<\/p>\n<\/div><\/div><\/div><\/div><\/div><div class=\"et_pb_column_1 et_pb_column et_pb_column_1_3 et_block_column et_pb_css_mix_blend_mode_passthrough\"><div class=\"et_pb_blurb_1 et_pb_blurb et_pb_bg_layout_light et_pb_text_align_center et_pb_blurb_position_top et_pb_module et_block_module\"><div class=\"et_pb_blurb_content\"><div class=\"et_pb_blurb_container\"><h4 class=\"et_pb_module_header\">Bestellen<\/h4><div class=\"et_pb_blurb_description\"><p>Ein paar Klicks gen\u00fcgen um ein Abo zu bestellen oder zu verschenken. W\u00e4hlen Sie Ihr pers\u00f6nliches Abo f\u00fcr einen oder mehrere Monate, und geniessen Sie wahre Gaumenfreuden!<\/p>\n<\/div><\/div><\/div><\/div><\/div><div class=\"et_pb_column_2 et_pb_column et_pb_column_1_3 et-last-child et_block_column et_pb_css_mix_blend_mode_passthrough\"><div class=\"et_pb_blurb_2 et_pb_blurb et_pb_bg_layout_light et_pb_text_align_center et_pb_blurb_position_top et_pb_module et_block_module\"><div class=\"et_pb_blurb_content\"><div class=\"et_pb_blurb_container\"><h4 class=\"et_pb_module_header\">Ihre \u00dcberraschung<\/h4><div class=\"et_pb_blurb_description\"><p>Lauern Sie Ihrem Postboten auf, \u00f6ffnen Sie die Box und machen Sie sich auf eine Gourmetreise durch die Schweiz. Profitieren Sie von Degustationsratschl\u00e4gen, Rezepten, Anekdoten und weiteren Angeboten rund um die Schweizer Kantone\u2026<\/p>\n<\/div><\/div><\/div><\/div><\/div><\/div><div class=\"et_pb_row_1 et_pb_row et_block_row\"><div class=\"et_pb_column_3 et_pb_column et_pb_column_4_4 et-last-child et_block_column et_pb_css_mix_blend_mode_passthrough\"><div class=\"et_pb_divider_0 et_pb_divider et_pb_space et_pb_divider_position_top et_pb_module\"><div class=\"et_pb_divider_internal\"><\/div><\/div><\/div><\/div><div class=\"et_pb_row_2 et_pb_row et_block_row\"><div class=\"et_pb_column_4 et_pb_column et_pb_column_2_3 et_block_column et_pb_css_mix_blend_mode_passthrough\"><div class=\"et_pb_cta_0 et_pb_promo et_pb_bg_layout_light et_pb_module et_block_module\"><div class=\"et_pb_promo_description\"><h2 class=\"et_pb_module_header\">Jeden Monat ein Gaumenschmaus<\/h2><div class=\"et_pb_promo_content\"><p>Jeden Monat wird Sie HelvetiBox auf\u2019s Neue \u00fcberraschen! Lassen Sie sich verf\u00fchren von einer Reise durch die Kantone. Entdecken Sie ihre Produkte und deren Hersteller.<\/p>\n<p>Haben Sie Zugang zu aussergew\u00f6hnlichen Delikatessen, mit Leidenschaft kreiert von den besten Herstellern des Landes!<\/p>\n<p>Nutzen Sie die Chance auch, um Ihre Eindr\u00fccke und Entdeckungen \u00fcber Ihr soziales Netzwerk mit einer Gruppe von Gourmands zu teilen!<\/p>\n<p>Nutzen Sie auch unsere Degustationsratsch\u00e4ge, Rezepte, Anekdoten, Interviews mit den Herstellern und Hintergr\u00fcnde zu der Produktion um noch tiefer in den Kanton des Monats einzutauchen.<\/p>\n<\/div><\/div><div class=\"et_pb_button_wrapper\"><a class=\"et_pb_button et_pb_promo_button\" href=\"http:\/\/www.helvetibox.ch\/abonner\">Abo !<\/a><\/div><\/div><\/div><div class=\"et_pb_column_5 et_pb_column et_pb_column_1_3 et-last-child et_block_column et_pb_css_mix_blend_mode_passthrough\"><div class=\"et_pb_cta_1 et_pb_promo et_pb_bg_layout_light et_pb_module et_block_module\"><div class=\"et_pb_promo_description\"><h2 class=\"et_pb_module_header\">Eine originelle Geschenkidee<\/h2><div class=\"et_pb_promo_content\"><p>Schenken Sie ihren Freunden eine Entdeckungsreise durch die Welt der Schweizer Produkte. W\u00e4hlen Sie aus, wie lange sie ihren Freunden eine Freude machen wollen, ob einen oder mehrere Monate und erstellen Sie kostenlos eine <strong>Geschenkkarte<\/strong>. Sie m\u00fcssen uns nur die Adresse des Gl\u00fccklichen geben und er kann sich jeden Monat \u00a0\u00fcber andere regionale Produkte freuen.<\/p>\n<\/div><\/div><div class=\"et_pb_button_wrapper\"><a class=\"et_pb_button et_pb_promo_button\" href=\"http:\/\/www.helvetibox.ch\/offrir\">Verschenken !<\/a><\/div><\/div><\/div><\/div><\/div>","protected":false},"excerpt":{"rendered":"","protected":false},"author":1,"featured_media":0,"parent":0,"menu_order":0,"comment_status":"open","ping_status":"closed","template":"","meta":{"footnotes":""},"dipi_cpt_category":[],"class_list":["post-1529","page","type-page","status-publish","hentry"],"yoast_head":"<!-- This site is optimized with the Yoast SEO plugin v27.5 - https:\/\/yoast.com\/product\/yoast-seo-wordpress\/ -->\n<title>Konzept - HelvetiBox<\/title>\n<meta name=\"description\" content=\"HelvetiBox, was ist das? Eine \u00dcberraschungsbox, die 5 \u2013 8 heimische Produkte beinhaltet. So k\u00f6nnen Sie jeden Monat einen anderen Schweizer Kanton entdecken.\" \/>\n<meta name=\"robots\" content=\"index, follow, max-snippet:-1, max-image-preview:large, max-video-preview:-1\" \/>\n<link rel=\"canonical\" href=\"https:\/\/www.helvetibox.ch\/de\/konzept\/\" \/>\n<meta property=\"og:locale\" content=\"de_DE\" \/>\n<meta property=\"og:type\" content=\"article\" \/>\n<meta property=\"og:title\" content=\"Konzept - HelvetiBox\" \/>\n<meta property=\"og:description\" content=\"HelvetiBox, was ist das? Eine \u00dcberraschungsbox, die 5 \u2013 8 heimische Produkte beinhaltet. So k\u00f6nnen Sie jeden Monat einen anderen Schweizer Kanton entdecken.\" \/>\n<meta property=\"og:url\" content=\"https:\/\/www.helvetibox.ch\/de\/konzept\/\" \/>\n<meta property=\"og:site_name\" content=\"HelvetiBox\" \/>\n<meta property=\"article:publisher\" content=\"http:\/\/www.facebook.com\/helvetibox\" \/>\n<meta property=\"article:modified_time\" content=\"2026-03-03T20:01:42+00:00\" \/>\n<script type=\"application\/ld+json\" class=\"yoast-schema-graph\">{\"@context\":\"https:\\\/\\\/schema.org\",\"@graph\":[{\"@type\":\"WebPage\",\"@id\":\"https:\\\/\\\/www.helvetibox.ch\\\/de\\\/konzept\\\/\",\"url\":\"https:\\\/\\\/www.helvetibox.ch\\\/de\\\/konzept\\\/\",\"name\":\"Konzept - HelvetiBox\",\"isPartOf\":{\"@id\":\"https:\\\/\\\/www.helvetibox.ch\\\/de\\\/#website\"},\"datePublished\":\"2015-01-22T15:06:24+00:00\",\"dateModified\":\"2026-03-03T20:01:42+00:00\",\"description\":\"HelvetiBox, was ist das? Eine \u00dcberraschungsbox, die 5 \u2013 8 heimische Produkte beinhaltet. So k\u00f6nnen Sie jeden Monat einen anderen Schweizer Kanton entdecken.\",\"breadcrumb\":{\"@id\":\"https:\\\/\\\/www.helvetibox.ch\\\/de\\\/konzept\\\/#breadcrumb\"},\"inLanguage\":\"de\",\"potentialAction\":[{\"@type\":\"ReadAction\",\"target\":[\"https:\\\/\\\/www.helvetibox.ch\\\/de\\\/konzept\\\/\"]}]},{\"@type\":\"BreadcrumbList\",\"@id\":\"https:\\\/\\\/www.helvetibox.ch\\\/de\\\/konzept\\\/#breadcrumb\",\"itemListElement\":[{\"@type\":\"ListItem\",\"position\":1,\"name\":\"Accueil\",\"item\":\"https:\\\/\\\/www.helvetibox.ch\\\/de\\\/homepage\\\/\"},{\"@type\":\"ListItem\",\"position\":2,\"name\":\"Konzept\"}]},{\"@type\":\"WebSite\",\"@id\":\"https:\\\/\\\/www.helvetibox.ch\\\/de\\\/#website\",\"url\":\"https:\\\/\\\/www.helvetibox.ch\\\/de\\\/\",\"name\":\"HelvetiBox\",\"description\":\"Eine Gourmetreise durch die Schweiz \",\"potentialAction\":[{\"@type\":\"SearchAction\",\"target\":{\"@type\":\"EntryPoint\",\"urlTemplate\":\"https:\\\/\\\/www.helvetibox.ch\\\/de\\\/?s={search_term_string}\"},\"query-input\":{\"@type\":\"PropertyValueSpecification\",\"valueRequired\":true,\"valueName\":\"search_term_string\"}}],\"inLanguage\":\"de\"}]}<\/script>\n<!-- \/ Yoast SEO plugin. -->","yoast_head_json":{"title":"Konzept - HelvetiBox","description":"HelvetiBox, was ist das? Eine \u00dcberraschungsbox, die 5 \u2013 8 heimische Produkte beinhaltet. So k\u00f6nnen Sie jeden Monat einen anderen Schweizer Kanton entdecken.","robots":{"index":"index","follow":"follow","max-snippet":"max-snippet:-1","max-image-preview":"max-image-preview:large","max-video-preview":"max-video-preview:-1"},"canonical":"https:\/\/www.helvetibox.ch\/de\/konzept\/","og_locale":"de_DE","og_type":"article","og_title":"Konzept - HelvetiBox","og_description":"HelvetiBox, was ist das? Eine \u00dcberraschungsbox, die 5 \u2013 8 heimische Produkte beinhaltet. So k\u00f6nnen Sie jeden Monat einen anderen Schweizer Kanton entdecken.","og_url":"https:\/\/www.helvetibox.ch\/de\/konzept\/","og_site_name":"HelvetiBox","article_publisher":"http:\/\/www.facebook.com\/helvetibox","article_modified_time":"2026-03-03T20:01:42+00:00","schema":{"@context":"https:\/\/schema.org","@graph":[{"@type":"WebPage","@id":"https:\/\/www.helvetibox.ch\/de\/konzept\/","url":"https:\/\/www.helvetibox.ch\/de\/konzept\/","name":"Konzept - HelvetiBox","isPartOf":{"@id":"https:\/\/www.helvetibox.ch\/de\/#website"},"datePublished":"2015-01-22T15:06:24+00:00","dateModified":"2026-03-03T20:01:42+00:00","description":"HelvetiBox, was ist das? Eine \u00dcberraschungsbox, die 5 \u2013 8 heimische Produkte beinhaltet. So k\u00f6nnen Sie jeden Monat einen anderen Schweizer Kanton entdecken.","breadcrumb":{"@id":"https:\/\/www.helvetibox.ch\/de\/konzept\/#breadcrumb"},"inLanguage":"de","potentialAction":[{"@type":"ReadAction","target":["https:\/\/www.helvetibox.ch\/de\/konzept\/"]}]},{"@type":"BreadcrumbList","@id":"https:\/\/www.helvetibox.ch\/de\/konzept\/#breadcrumb","itemListElement":[{"@type":"ListItem","position":1,"name":"Accueil","item":"https:\/\/www.helvetibox.ch\/de\/homepage\/"},{"@type":"ListItem","position":2,"name":"Konzept"}]},{"@type":"WebSite","@id":"https:\/\/www.helvetibox.ch\/de\/#website","url":"https:\/\/www.helvetibox.ch\/de\/","name":"HelvetiBox","description":"Eine Gourmetreise durch die Schweiz ","potentialAction":[{"@type":"SearchAction","target":{"@type":"EntryPoint","urlTemplate":"https:\/\/www.helvetibox.ch\/de\/?s={search_term_string}"},"query-input":{"@type":"PropertyValueSpecification","valueRequired":true,"valueName":"search_term_string"}}],"inLanguage":"de"}]}},"_links":{"self":[{"href":"https:\/\/www.helvetibox.ch\/de\/wp-json\/wp\/v2\/pages\/1529","targetHints":{"allow":["GET"]}}],"collection":[{"href":"https:\/\/www.helvetibox.ch\/de\/wp-json\/wp\/v2\/pages"}],"about":[{"href":"https:\/\/www.helvetibox.ch\/de\/wp-json\/wp\/v2\/types\/page"}],"author":[{"embeddable":true,"href":"https:\/\/www.helvetibox.ch\/de\/wp-json\/wp\/v2\/users\/1"}],"replies":[{"embeddable":true,"href":"https:\/\/www.helvetibox.ch\/de\/wp-json\/wp\/v2\/comments?post=1529"}],"version-history":[{"count":1,"href":"https:\/\/www.helvetibox.ch\/de\/wp-json\/wp\/v2\/pages\/1529\/revisions"}],"predecessor-version":[{"id":27397764,"href":"https:\/\/www.helvetibox.ch\/de\/wp-json\/wp\/v2\/pages\/1529\/revisions\/27397764"}],"wp:attachment":[{"href":"https:\/\/www.helvetibox.ch\/de\/wp-json\/wp\/v2\/media?parent=1529"}],"wp:term":[{"taxonomy":"dipi_cpt_category","embeddable":true,"href":"https:\/\/www.helvetibox.ch\/de\/wp-json\/wp\/v2\/dipi_cpt_category?post=1529"}],"curies":[{"name":"wp","href":"https:\/\/api.w.org\/{rel}","templated":true}]}}