{"id":1537,"date":"2015-01-22T17:09:16","date_gmt":"2015-01-22T15:09:16","guid":{"rendered":"http:\/\/www.helvetibox.ch\/?page_id=1537"},"modified":"2026-03-03T21:01:44","modified_gmt":"2026-03-03T20:01:44","slug":"ueber-uns","status":"publish","type":"page","link":"https:\/\/www.helvetibox.ch\/de\/ueber-uns\/","title":{"rendered":"\u00dcber uns"},"content":{"rendered":"<div class=\"et_pb_section_0 et_pb_section et_pb_fullwidth_section et_section_regular et_block_section\"><section class=\"et_pb_fullwidth_header_0 et_pb_fullwidth_header et_pb_bg_layout_light et_pb_text_align_center et_pb_module et_flex_module\"><div class=\"et_pb_fullwidth_header_container center\"><div class=\"header-content-container center\"><div class=\"header-content et_flex_module\"><h1 class=\"et_pb_module_header\">\u00dcber uns<\/h1><span class=\"et_pb_fullwidth_header_subhead\">HelvetiBox, ist eine neue Art regionale Produkte zu entdecken, zu kosten und zu teilen. <\/span><div class=\"et_pb_header_content_wrapper\"><\/div><div class=\"et_pb_header_button_wrapper\"><\/div><\/div><\/div><\/div><div class=\"et_pb_fullwidth_header_overlay\"><\/div><div class=\"et_pb_fullwidth_header_scroll\"><\/div><\/section><\/div><div class=\"et_pb_section_1 et_pb_section et_section_regular et_block_section\"><div class=\"et_pb_row_0 et_pb_row et_block_row\"><div class=\"et_pb_column_0 et_pb_column et_pb_column_2_3 et_block_column et_pb_css_mix_blend_mode_passthrough\"><div class=\"et_pb_text_0 et_pb_text et_pb_bg_layout_light et_pb_module et_block_module et_pb_text_align_left\"><div class=\"et_pb_text_inner\"><p>HelvetiBox schickt Sie auf eine <strong>Entdeckungsreise durch die Welt der Schweizer Regionalprodukte<\/strong>. Wir m\u00f6chten den Menschen die M\u00f6glichkeit geben jeden Monat die regionalen Spezialit\u00e4ten kleiner Produzenten aus dem ganzen Land zu entdecken, und das direkt bei sich zu Hause.<\/p>\n<\/div><\/div><div class=\"et_pb_text_1 et_pb_text et_pb_bg_layout_light et_pb_module et_block_module et_pb_text_align_left\"><div class=\"et_pb_text_inner\"><h3><strong>Die Geburt einer Idee<\/strong><\/h3>\n<p>Florian Corth\u00e9sy, der Gr\u00fcnder von HelvetiBox, wohnhaft in Fribourg und t\u00e4tig in Z\u00fcrich, \u00fcberquerte jeden Tag den R\u00f6stigraben. Dabei \u00a0erkannte er, dass dieser Graben Z\u00fcrcher Luxemburgerli und Tirggel daran hintert Cuchaule und Freiburger Chilbisenf auf einem Tisch zu landen. Obwohl, es ist nicht nur aufgrund der Sprachdifferenzen, dass sich dieser Graben auftut. Auch viele Wattl\u00e4nder haben noch nie Longeole oder ein typisch genferisches W\u00fcrstli probiert.<\/p>\n<p>Es ist nicht fair solch gute Produkte f\u00fcr sich zu behalten! Man muss sie m\u00f6glichst vielen Menschen zug\u00e4nglich machen, die sie zu sch\u00e4tzen wissen! \u00a0Aus diesem Grundgedanken heraus ist HelvetiBox entstanden.<\/p>\n<\/div><\/div><div class=\"et_pb_text_2 et_pb_text et_pb_bg_layout_light et_pb_module et_block_module et_pb_text_align_left\"><div class=\"et_pb_text_inner\"><p><strong>Konkretisierung<\/strong><\/p>\n<p>Die Produkte der Schweiz sind so variet\u00e4tenreich, wie die Kulturen, die Sprachen und die geografischen Zonen unseres Landes. Jede Region, jeder Kanton, bietet eine Vielzahl an Geschm\u00e4cken. Einige haben eine lange Tradition, andere sind gerade in der Entstehungsphase. Doch alle haben nur ein Ziel: unsere Geschmacksnerven zu verw\u00f6hnen!<\/p>\n<p>HelvetiBox bietet einen Einblick in die Geschmackswelt der Schweiz, geordnet nach Kantonen und im Gleichgewicht zwischen Tradition und Innovation. Mit dem Wechsel der Jahreszeiten \u00e4ndern sich auch die Produkte, die in den Kantonen Saison haben. HelvetiBox wird daher einige Kantone mehrmals zu verschiedenen Zeiten im Jahr besuchen, um so jede ihrer Facetten kennen zu lernen.<\/p>\n<p>Letztendlich war es bei einem Caf\u00e9, nach einer Pizza, dass sich das Konzept von HelvetiBox konkretisiert hat. Wir haben erkannt, dass wir zwar perfekt die verschiedenen Pizzasorten, wie Margherita, Quattro Stagioni, Capricciosa oder auch Calzone kennen, aber von den 300 W\u00fcrstlisorten, die es in der Schweiz gibt kennen wir nicht mehr als 10! Der Kellner kam und brachte die Rechnung f\u00fcr zwei Pizzas, zwei Getr\u00e4nke und zwei Caf\u00e9s: 55 Franken! So, f\u00fcr den Preis eines Pizzeria Besuchs f\u00fcr zwei, bieten wir Ihnen die Entdeckung von 5-8 ausgew\u00e4hlten Gourmetprodukten eines Schweizer Kantons.<\/p>\n<\/div><\/div><\/div><div class=\"et_pb_column_1 et_pb_column et_pb_column_1_3 et-last-child et_block_column et_pb_css_mix_blend_mode_passthrough\"><div class=\"et_pb_testimonial_0 et_pb_testimonial et_pb_testimonial_no_image et_pb_bg_layout_light et_pb_text_align_center et_pb_module et_block_module\"><div class=\"et_pb_testimonial_inner\"><div class=\"et_pb_testimonial_description\"><div class=\"et_pb_testimonial_description_inner\"><div class=\"et_pb_testimonial_content\"><p><span style=\"font-size: 14pt; font-family: 'SketchFlow Print';\">Unser Wunsch<\/span><\/p>\n<p>Regionale Produkte \u00fcber ihren Herkunftskanton heraus bekannt zu machen, um sie m\u00f6glichst vielen Menschen zug\u00e4nglich zu machen.<\/p>\n<\/div><\/div><div class=\"et_pb_testimonial_meta\"><\/div><\/div><\/div><\/div><div class=\"et_pb_testimonial_1 et_pb_testimonial et_pb_testimonial_no_image et_pb_bg_layout_light et_pb_text_align_center et_pb_module et_block_module\"><div class=\"et_pb_testimonial_inner\"><div class=\"et_pb_testimonial_description\"><div class=\"et_pb_testimonial_description_inner\"><div class=\"et_pb_testimonial_content\"><p><span style=\"font-family: 'SketchFlow Print'; font-size: 14pt;\">Unsere Mission<\/span><\/p>\n<p>Uns auf die Suche nach regionalen Schweizer Produkten zu machen, ihren Geschmack und ihre Geschichten zu sammeln, um Sie, unseren Abonnenten, jeden Monat aufs Neue mit einer Auswahl von 5-8 Produkten zu \u00fcberraschen. Und all das zu dem Preis eines Pizzeriabesuchs f\u00fcr zwei.<\/p>\n<\/div><\/div><div class=\"et_pb_testimonial_meta\"><\/div><\/div><\/div><\/div><div class=\"et_pb_testimonial_2 et_pb_testimonial et_pb_testimonial_no_image et_pb_bg_layout_light et_pb_text_align_center et_pb_module et_block_module\"><div class=\"et_pb_testimonial_inner\"><div class=\"et_pb_testimonial_description\"><div class=\"et_pb_testimonial_description_inner\"><div class=\"et_pb_testimonial_content\"><p><span style=\"font-size: 14pt; font-family: 'SketchFlow Print';\">Unsere\u00a0Philosophie<\/span><\/p>\n<p>Entdecken, Teilen und Geniessen!<\/p>\n<\/div><\/div><div class=\"et_pb_testimonial_meta\"><\/div><\/div><\/div><\/div><\/div><\/div><\/div>","protected":false},"excerpt":{"rendered":"","protected":false},"author":1,"featured_media":0,"parent":0,"menu_order":0,"comment_status":"open","ping_status":"open","template":"","meta":{"footnotes":""},"dipi_cpt_category":[],"class_list":["post-1537","page","type-page","status-publish","hentry"],"yoast_head":"<!-- This site is optimized with the Yoast SEO plugin v27.5 - https:\/\/yoast.com\/product\/yoast-seo-wordpress\/ -->\n<title>\u00dcber uns - HelvetiBox<\/title>\n<meta name=\"description\" content=\"HelvetiBox, ist eine neue Art regionale Produkte zu entdecken, zu kosten und zu teilen.\" \/>\n<meta name=\"robots\" content=\"index, follow, max-snippet:-1, max-image-preview:large, max-video-preview:-1\" \/>\n<link rel=\"canonical\" href=\"https:\/\/www.helvetibox.ch\/de\/ueber-uns\/\" \/>\n<meta property=\"og:locale\" content=\"de_DE\" \/>\n<meta property=\"og:type\" content=\"article\" \/>\n<meta property=\"og:title\" content=\"\u00dcber uns - HelvetiBox\" \/>\n<meta property=\"og:description\" content=\"HelvetiBox, ist eine neue Art regionale Produkte zu entdecken, zu kosten und zu teilen.\" \/>\n<meta property=\"og:url\" content=\"https:\/\/www.helvetibox.ch\/de\/ueber-uns\/\" \/>\n<meta property=\"og:site_name\" content=\"HelvetiBox\" \/>\n<meta property=\"article:publisher\" content=\"http:\/\/www.facebook.com\/helvetibox\" \/>\n<meta property=\"article:modified_time\" content=\"2026-03-03T20:01:44+00:00\" \/>\n<script type=\"application\/ld+json\" class=\"yoast-schema-graph\">{\"@context\":\"https:\\\/\\\/schema.org\",\"@graph\":[{\"@type\":\"WebPage\",\"@id\":\"https:\\\/\\\/www.helvetibox.ch\\\/de\\\/ueber-uns\\\/\",\"url\":\"https:\\\/\\\/www.helvetibox.ch\\\/de\\\/ueber-uns\\\/\",\"name\":\"\u00dcber uns - HelvetiBox\",\"isPartOf\":{\"@id\":\"https:\\\/\\\/www.helvetibox.ch\\\/de\\\/#website\"},\"datePublished\":\"2015-01-22T15:09:16+00:00\",\"dateModified\":\"2026-03-03T20:01:44+00:00\",\"description\":\"HelvetiBox, ist eine neue Art regionale Produkte zu entdecken, zu kosten und zu teilen.\",\"breadcrumb\":{\"@id\":\"https:\\\/\\\/www.helvetibox.ch\\\/de\\\/ueber-uns\\\/#breadcrumb\"},\"inLanguage\":\"de\",\"potentialAction\":[{\"@type\":\"ReadAction\",\"target\":[\"https:\\\/\\\/www.helvetibox.ch\\\/de\\\/ueber-uns\\\/\"]}]},{\"@type\":\"BreadcrumbList\",\"@id\":\"https:\\\/\\\/www.helvetibox.ch\\\/de\\\/ueber-uns\\\/#breadcrumb\",\"itemListElement\":[{\"@type\":\"ListItem\",\"position\":1,\"name\":\"Accueil\",\"item\":\"https:\\\/\\\/www.helvetibox.ch\\\/de\\\/homepage\\\/\"},{\"@type\":\"ListItem\",\"position\":2,\"name\":\"\u00dcber uns\"}]},{\"@type\":\"WebSite\",\"@id\":\"https:\\\/\\\/www.helvetibox.ch\\\/de\\\/#website\",\"url\":\"https:\\\/\\\/www.helvetibox.ch\\\/de\\\/\",\"name\":\"HelvetiBox\",\"description\":\"Eine Gourmetreise durch die Schweiz \",\"potentialAction\":[{\"@type\":\"SearchAction\",\"target\":{\"@type\":\"EntryPoint\",\"urlTemplate\":\"https:\\\/\\\/www.helvetibox.ch\\\/de\\\/?s={search_term_string}\"},\"query-input\":{\"@type\":\"PropertyValueSpecification\",\"valueRequired\":true,\"valueName\":\"search_term_string\"}}],\"inLanguage\":\"de\"}]}<\/script>\n<!-- \/ Yoast SEO plugin. -->","yoast_head_json":{"title":"\u00dcber uns - HelvetiBox","description":"HelvetiBox, ist eine neue Art regionale Produkte zu entdecken, zu kosten und zu teilen.","robots":{"index":"index","follow":"follow","max-snippet":"max-snippet:-1","max-image-preview":"max-image-preview:large","max-video-preview":"max-video-preview:-1"},"canonical":"https:\/\/www.helvetibox.ch\/de\/ueber-uns\/","og_locale":"de_DE","og_type":"article","og_title":"\u00dcber uns - HelvetiBox","og_description":"HelvetiBox, ist eine neue Art regionale Produkte zu entdecken, zu kosten und zu teilen.","og_url":"https:\/\/www.helvetibox.ch\/de\/ueber-uns\/","og_site_name":"HelvetiBox","article_publisher":"http:\/\/www.facebook.com\/helvetibox","article_modified_time":"2026-03-03T20:01:44+00:00","schema":{"@context":"https:\/\/schema.org","@graph":[{"@type":"WebPage","@id":"https:\/\/www.helvetibox.ch\/de\/ueber-uns\/","url":"https:\/\/www.helvetibox.ch\/de\/ueber-uns\/","name":"\u00dcber uns - HelvetiBox","isPartOf":{"@id":"https:\/\/www.helvetibox.ch\/de\/#website"},"datePublished":"2015-01-22T15:09:16+00:00","dateModified":"2026-03-03T20:01:44+00:00","description":"HelvetiBox, ist eine neue Art regionale Produkte zu entdecken, zu kosten und zu teilen.","breadcrumb":{"@id":"https:\/\/www.helvetibox.ch\/de\/ueber-uns\/#breadcrumb"},"inLanguage":"de","potentialAction":[{"@type":"ReadAction","target":["https:\/\/www.helvetibox.ch\/de\/ueber-uns\/"]}]},{"@type":"BreadcrumbList","@id":"https:\/\/www.helvetibox.ch\/de\/ueber-uns\/#breadcrumb","itemListElement":[{"@type":"ListItem","position":1,"name":"Accueil","item":"https:\/\/www.helvetibox.ch\/de\/homepage\/"},{"@type":"ListItem","position":2,"name":"\u00dcber uns"}]},{"@type":"WebSite","@id":"https:\/\/www.helvetibox.ch\/de\/#website","url":"https:\/\/www.helvetibox.ch\/de\/","name":"HelvetiBox","description":"Eine Gourmetreise durch die Schweiz ","potentialAction":[{"@type":"SearchAction","target":{"@type":"EntryPoint","urlTemplate":"https:\/\/www.helvetibox.ch\/de\/?s={search_term_string}"},"query-input":{"@type":"PropertyValueSpecification","valueRequired":true,"valueName":"search_term_string"}}],"inLanguage":"de"}]}},"_links":{"self":[{"href":"https:\/\/www.helvetibox.ch\/de\/wp-json\/wp\/v2\/pages\/1537","targetHints":{"allow":["GET"]}}],"collection":[{"href":"https:\/\/www.helvetibox.ch\/de\/wp-json\/wp\/v2\/pages"}],"about":[{"href":"https:\/\/www.helvetibox.ch\/de\/wp-json\/wp\/v2\/types\/page"}],"author":[{"embeddable":true,"href":"https:\/\/www.helvetibox.ch\/de\/wp-json\/wp\/v2\/users\/1"}],"replies":[{"embeddable":true,"href":"https:\/\/www.helvetibox.ch\/de\/wp-json\/wp\/v2\/comments?post=1537"}],"version-history":[{"count":1,"href":"https:\/\/www.helvetibox.ch\/de\/wp-json\/wp\/v2\/pages\/1537\/revisions"}],"predecessor-version":[{"id":27397765,"href":"https:\/\/www.helvetibox.ch\/de\/wp-json\/wp\/v2\/pages\/1537\/revisions\/27397765"}],"wp:attachment":[{"href":"https:\/\/www.helvetibox.ch\/de\/wp-json\/wp\/v2\/media?parent=1537"}],"wp:term":[{"taxonomy":"dipi_cpt_category","embeddable":true,"href":"https:\/\/www.helvetibox.ch\/de\/wp-json\/wp\/v2\/dipi_cpt_category?post=1537"}],"curies":[{"name":"wp","href":"https:\/\/api.w.org\/{rel}","templated":true}]}}